{"id":139,"date":"2021-05-27T10:13:22","date_gmt":"2021-05-27T10:13:22","guid":{"rendered":"http:\/\/beitech.net\/nghe-nghiep-tuyen-dung\/"},"modified":"2021-06-02T08:45:43","modified_gmt":"2021-06-02T08:45:43","slug":"career","status":"publish","type":"page","link":"https:\/\/beitech.net\/en\/career\/","title":{"rendered":"Career"},"content":{"rendered":"<section class=\"sectionbanner\">\n<h1>Career<\/h1>\n<\/section>\n<section class=\"career\">\n<h2>\tYou will never feel lost and inferior at BEIT! <br \/> We are here to work, help and succeed.<\/h2>\n<div class=\"container\">\n<div class=\"row\">\n<div class=\"col-md-3\">\n<div class=\"itemabout\">\n\t\t\t\t\t<img data-src=\"\/wp-content\/themes\/beitech\/img\/career\/success.svg\" width=\"100\" alt=\"CON \u0110\u01af\u1edcNG S\u1ef0 NGHI\u1ec6P R\u00d5 R\u00c0NG\" class=\"lazy\"><\/p>\n<div class=\"txtcr\">CLEAR CAREER PATH<\/div>\n<\/p><\/div>\n<\/p><\/div>\n<div class=\"col-md-3\">\n<div class=\"itemabout\">\n\t\t\t\t\t<img data-src=\"\/wp-content\/themes\/beitech\/img\/career\/workshop.svg\" width=\"100\"  alt=\"V\u00c0O \u0110\u00c0O T\u1ea0O NGH\u1ec0\" class=\"lazy\"><\/p>\n<div class=\"txtcr\">ON THE JOB TRAINING<\/div>\n<\/p><\/div>\n<\/p><\/div>\n<div class=\"col-md-3\">\n<div class=\"itemabout\">\n\t\t\t\t\t<img data-src=\"\/wp-content\/themes\/beitech\/img\/career\/conversation.svg\" width=\"100\"  alt=\"H\u1ed6 TR\u1ee2 \u0110I\u1ec0U H\u00c0NH\" class=\"lazy\"><\/p>\n<div class=\"txtcr\">SMALL OPERATOR SUPPORT<\/div>\n<\/p><\/div>\n<\/p><\/div>\n<div class=\"col-md-3\">\n<div class=\"itemabout\">\n\t\t\t\t\t<img data-src=\"\/wp-content\/themes\/beitech\/img\/career\/salary.svg\" width=\"100\"  alt=\"L\u01af\u01a0NG T\u1ed0T, PH\u00daC L\u1ee2I T\u1ed0T\" class=\"lazy\"><\/p>\n<div class=\"txtcr\">GOOD SALARY, GOOD BENEFITS BILLION<\/div>\n<\/p><\/div>\n<\/p><\/div>\n<\/p><\/div>\n<\/p><\/div>\n<\/section>\n<section class=\"formcareer\">\n<div class=\"container\">\n<h2>Submit your application here<\/h2>\n<div class=\"row justify-content-center\">\n<div class=\"col-md-7\">\n\t\t\t\t\n<div class=\"wpcf7 no-js\" id=\"wpcf7-f163-o1\" lang=\"vi-VN\" dir=\"ltr\" data-wpcf7-id=\"163\">\n<div class=\"screen-reader-response\"><p role=\"status\" aria-live=\"polite\" aria-atomic=\"true\"><\/p> <ul><\/ul><\/div>\n<form action=\"\/en\/wp-json\/wp\/v2\/pages\/139#wpcf7-f163-o1\" method=\"post\" class=\"wpcf7-form init\" aria-label=\"Contact form\" novalidate=\"novalidate\" data-status=\"init\">\n<fieldset class=\"hidden-fields-container\"><input type=\"hidden\" name=\"_wpcf7\" value=\"163\" \/><input type=\"hidden\" name=\"_wpcf7_version\" value=\"6.1.2\" \/><input type=\"hidden\" name=\"_wpcf7_locale\" value=\"vi_VN\" \/><input type=\"hidden\" name=\"_wpcf7_unit_tag\" value=\"wpcf7-f163-o1\" \/><input type=\"hidden\" name=\"_wpcf7_container_post\" value=\"0\" \/><input type=\"hidden\" name=\"_wpcf7_posted_data_hash\" value=\"\" \/><input type=\"hidden\" name=\"_wpcf7_recaptcha_response\" value=\"\" \/>\n<\/fieldset>\n<div class=\"formnt\">\n\t<div class=\"is-floating-label\">\n\t\t<p><label>First and last name<\/label><br \/>\n<span class=\"wpcf7-form-control-wrap\" data-name=\"your-name\"><input size=\"40\" maxlength=\"400\" class=\"wpcf7-form-control wpcf7-text wpcf7-validates-as-required\" aria-required=\"true\" aria-invalid=\"false\" value=\"\" type=\"text\" name=\"your-name\" \/><\/span>\n\t\t<\/p>\n\t<\/div>\n\t<div class=\"is-floating-label\">\n\t\t<p><label>Email<\/label><br \/>\n<span class=\"wpcf7-form-control-wrap\" data-name=\"your-email\"><input size=\"40\" maxlength=\"400\" class=\"wpcf7-form-control wpcf7-email wpcf7-text wpcf7-validates-as-email\" aria-invalid=\"false\" value=\"\" type=\"email\" name=\"your-email\" \/><\/span>\n\t\t<\/p>\n\t<\/div>\n\t<div class=\"is-floating-label\">\n\t\t<p><label>Phone<\/label><br \/>\n<span class=\"wpcf7-form-control-wrap\" data-name=\"phone\"><input size=\"40\" maxlength=\"400\" class=\"wpcf7-form-control wpcf7-text wpcf7-validates-as-required\" aria-required=\"true\" aria-invalid=\"false\" value=\"\" type=\"text\" name=\"phone\" \/><\/span>\n\t\t<\/p>\n\t<\/div>\n\t<div class=\"is-floating-label\">\n\t\t<p><label>Recruiting position<\/label><br \/>\n<span class=\"wpcf7-form-control-wrap\" data-name=\"Position\"><input size=\"40\" maxlength=\"400\" class=\"wpcf7-form-control wpcf7-text\" aria-invalid=\"false\" value=\"\" type=\"text\" name=\"Position\" \/><\/span>\n\t\t<\/p>\n\t<\/div>\n\t<div class=\"is-floating-label\">\n\t\t<p><label>Describe yourself<\/label><br \/>\n<span class=\"wpcf7-form-control-wrap\" data-name=\"your-message\"><textarea cols=\"40\" rows=\"10\" maxlength=\"2000\" class=\"wpcf7-form-control wpcf7-textarea\" aria-invalid=\"false\" name=\"your-message\"><\/textarea><\/span>\n\t\t<\/p>\n\t<\/div>\n\t<p><div id=\"cf7sr-69e9da3e11bcd\" class=\"cf7sr-g-recaptcha\" data-theme=\"light\" data-type=\"image\" data-size=\"normal\" data-sitekey=\"6LfEVR4bAAAAAK9k0IKZmeIWUj6Q2B8W-K08IyaX\"><\/div><span class=\"wpcf7-form-control-wrap cf7sr-recaptcha\" data-name=\"cf7sr-recaptcha\"><input type=\"hidden\" name=\"cf7sr-recaptcha\" value=\"\" class=\"wpcf7-form-control\"><\/span>\n\t<\/p>\n\t<div class=\"submitform\">\n\t\t<p><input class=\"wpcf7-form-control wpcf7-submit has-spinner contactbtn\" type=\"submit\" value=\"Send us\" \/>\n\t\t<\/p>\n\t<\/div>\n<\/div><div class=\"wpcf7-response-output\" aria-hidden=\"true\"><\/div>\n<\/form>\n<\/div>\n\n\t\t\t<\/div>\n<\/p><\/div>\n<\/p><\/div>\n<\/section>\n","protected":false},"excerpt":{"rendered":"<p>Career You will never feel lost and inferior at BEIT! We are here to work, help and succeed. CLEAR CAREER [&hellip;]<\/p>\n","protected":false},"author":1,"featured_media":855,"parent":0,"menu_order":0,"comment_status":"closed","ping_status":"closed","template":"page.php","meta":{"footnotes":""},"class_list":["post-139","page","type-page","status-publish","has-post-thumbnail","hentry"],"acf":[],"yoast_head":"<!-- This site is optimized with the Yoast SEO plugin v27.4 - https:\/\/yoast.com\/product\/yoast-seo-wordpress\/ -->\n<title>Career - BEIT - Vietnam&#039;s leading technology, software development company<\/title>\n<meta name=\"description\" content=\"Career You will never feel lost and inferior at BEIT! We are here to work, help and succeed. CLEAR CAREER PATH ON THE JOB TRAINING SMALL OPERATOR SUPPORT\" \/>\n<meta name=\"robots\" content=\"index, follow, max-snippet:-1, max-image-preview:large, max-video-preview:-1\" \/>\n<link rel=\"canonical\" href=\"https:\/\/beitech.net\/en\/career\/\" \/>\n<meta property=\"og:locale\" content=\"en_US\" \/>\n<meta property=\"og:type\" content=\"article\" \/>\n<meta property=\"og:title\" content=\"Career - BEIT - Vietnam&#039;s leading technology, software development company\" \/>\n<meta property=\"og:description\" content=\"Career You will never feel lost and inferior at BEIT! We are here to work, help and succeed. CLEAR CAREER PATH ON THE JOB TRAINING SMALL OPERATOR SUPPORT\" \/>\n<meta property=\"og:url\" content=\"https:\/\/beitech.net\/en\/career\/\" \/>\n<meta property=\"og:site_name\" content=\"BEIT - Vietnam&#039;s leading technology, software development company\" \/>\n<meta property=\"article:modified_time\" content=\"2021-06-02T08:45:43+00:00\" \/>\n<meta property=\"og:image\" content=\"https:\/\/beitech.net\/wp-content\/uploads\/2021\/10\/hinh-anh-ve-tuyen-dung_012647551.png\" \/>\n\t<meta property=\"og:image:width\" content=\"626\" \/>\n\t<meta property=\"og:image:height\" content=\"351\" \/>\n\t<meta property=\"og:image:type\" content=\"image\/png\" \/>\n<meta name=\"twitter:card\" content=\"summary_large_image\" \/>\n<script type=\"application\/ld+json\" class=\"yoast-schema-graph\">{\"@context\":\"https:\\\/\\\/schema.org\",\"@graph\":[{\"@type\":[\"Article\",\"NewsArticle\"],\"@id\":\"https:\\\/\\\/beitech.net\\\/en\\\/career\\\/#article\",\"isPartOf\":{\"@id\":\"https:\\\/\\\/beitech.net\\\/en\\\/career\\\/\"},\"author\":{\"name\":\"admin\",\"@id\":\"https:\\\/\\\/beitech.net\\\/en\\\/#\\\/schema\\\/person\\\/0c125860a1908c9fb0d0dddb85b00e4b\"},\"headline\":\"Career\",\"datePublished\":\"2021-05-27T10:13:22+00:00\",\"dateModified\":\"2021-06-02T08:45:43+00:00\",\"mainEntityOfPage\":{\"@id\":\"https:\\\/\\\/beitech.net\\\/en\\\/career\\\/\"},\"wordCount\":45,\"publisher\":{\"@id\":\"https:\\\/\\\/beitech.net\\\/en\\\/#organization\"},\"image\":{\"@id\":\"https:\\\/\\\/beitech.net\\\/en\\\/career\\\/#primaryimage\"},\"thumbnailUrl\":\"https:\\\/\\\/beitech.net\\\/wp-content\\\/uploads\\\/2021\\\/10\\\/hinh-anh-ve-tuyen-dung_012647551.png\",\"inLanguage\":\"en-US\",\"copyrightYear\":\"2021\",\"copyrightHolder\":{\"@id\":\"https:\\\/\\\/beitech.net\\\/#organization\"}},{\"@type\":\"WebPage\",\"@id\":\"https:\\\/\\\/beitech.net\\\/en\\\/career\\\/\",\"url\":\"https:\\\/\\\/beitech.net\\\/en\\\/career\\\/\",\"name\":\"Career - BEIT - Vietnam&#039;s leading technology, software development company\",\"isPartOf\":{\"@id\":\"https:\\\/\\\/beitech.net\\\/en\\\/#website\"},\"primaryImageOfPage\":{\"@id\":\"https:\\\/\\\/beitech.net\\\/en\\\/career\\\/#primaryimage\"},\"image\":{\"@id\":\"https:\\\/\\\/beitech.net\\\/en\\\/career\\\/#primaryimage\"},\"thumbnailUrl\":\"https:\\\/\\\/beitech.net\\\/wp-content\\\/uploads\\\/2021\\\/10\\\/hinh-anh-ve-tuyen-dung_012647551.png\",\"datePublished\":\"2021-05-27T10:13:22+00:00\",\"dateModified\":\"2021-06-02T08:45:43+00:00\",\"description\":\"Career You will never feel lost and inferior at BEIT! We are here to work, help and succeed. CLEAR CAREER PATH ON THE JOB TRAINING SMALL OPERATOR SUPPORT\",\"inLanguage\":\"en-US\",\"potentialAction\":[{\"@type\":\"ReadAction\",\"target\":[\"https:\\\/\\\/beitech.net\\\/en\\\/career\\\/\"]}]},{\"@type\":\"ImageObject\",\"inLanguage\":\"en-US\",\"@id\":\"https:\\\/\\\/beitech.net\\\/en\\\/career\\\/#primaryimage\",\"url\":\"https:\\\/\\\/beitech.net\\\/wp-content\\\/uploads\\\/2021\\\/10\\\/hinh-anh-ve-tuyen-dung_012647551.png\",\"contentUrl\":\"https:\\\/\\\/beitech.net\\\/wp-content\\\/uploads\\\/2021\\\/10\\\/hinh-anh-ve-tuyen-dung_012647551.png\",\"width\":626,\"height\":351},{\"@type\":\"WebSite\",\"@id\":\"https:\\\/\\\/beitech.net\\\/en\\\/#website\",\"url\":\"https:\\\/\\\/beitech.net\\\/en\\\/\",\"name\":\"BEIT - Vietnam&#039;s leading technology, software development company\",\"description\":\"BEIT C\u00f4ng ty ph\u00e1t tri\u1ec3n c\u00f4ng ngh\u1ec7 h\u00e0ng \u0111\u1ea7u Vi\u1ec7t Nam\",\"publisher\":{\"@id\":\"https:\\\/\\\/beitech.net\\\/en\\\/#organization\"},\"potentialAction\":[{\"@type\":\"SearchAction\",\"target\":{\"@type\":\"EntryPoint\",\"urlTemplate\":\"https:\\\/\\\/beitech.net\\\/en\\\/?s={search_term_string}\"},\"query-input\":{\"@type\":\"PropertyValueSpecification\",\"valueRequired\":true,\"valueName\":\"search_term_string\"}}],\"inLanguage\":\"en-US\"},{\"@type\":\"Organization\",\"@id\":\"https:\\\/\\\/beitech.net\\\/en\\\/#organization\",\"name\":\"C\u00f4ng ty TNHH C\u00f4ng Ngh\u1ec7 BEIT\",\"url\":\"https:\\\/\\\/beitech.net\\\/en\\\/\",\"logo\":{\"@type\":\"ImageObject\",\"inLanguage\":\"en-US\",\"@id\":\"https:\\\/\\\/beitech.net\\\/en\\\/#\\\/schema\\\/logo\\\/image\\\/\",\"url\":\"https:\\\/\\\/beitech.net\\\/wp-content\\\/uploads\\\/2022\\\/05\\\/logo_beit.png\",\"contentUrl\":\"https:\\\/\\\/beitech.net\\\/wp-content\\\/uploads\\\/2022\\\/05\\\/logo_beit.png\",\"width\":1200,\"height\":630,\"caption\":\"C\u00f4ng ty TNHH C\u00f4ng Ngh\u1ec7 BEIT\"},\"image\":{\"@id\":\"https:\\\/\\\/beitech.net\\\/en\\\/#\\\/schema\\\/logo\\\/image\\\/\"}},{\"@type\":\"Person\",\"@id\":\"https:\\\/\\\/beitech.net\\\/en\\\/#\\\/schema\\\/person\\\/0c125860a1908c9fb0d0dddb85b00e4b\",\"name\":\"admin\",\"image\":{\"@type\":\"ImageObject\",\"inLanguage\":\"en-US\",\"@id\":\"https:\\\/\\\/secure.gravatar.com\\\/avatar\\\/54203c501c51e0fb5d7aa909c37bfebb2387356eecc8a9787e24d45c1c6d3ec2?s=96&d=mm&r=g\",\"url\":\"https:\\\/\\\/secure.gravatar.com\\\/avatar\\\/54203c501c51e0fb5d7aa909c37bfebb2387356eecc8a9787e24d45c1c6d3ec2?s=96&d=mm&r=g\",\"contentUrl\":\"https:\\\/\\\/secure.gravatar.com\\\/avatar\\\/54203c501c51e0fb5d7aa909c37bfebb2387356eecc8a9787e24d45c1c6d3ec2?s=96&d=mm&r=g\",\"caption\":\"admin\"},\"sameAs\":[\"http:\\\/\\\/beitech.net\"],\"url\":\"https:\\\/\\\/beitech.net\\\/en\\\/author\\\/admin\\\/\"}]}<\/script>\n<!-- \/ Yoast SEO plugin. -->","yoast_head_json":{"title":"Career - BEIT - Vietnam&#039;s leading technology, software development company","description":"Career You will never feel lost and inferior at BEIT! We are here to work, help and succeed. CLEAR CAREER PATH ON THE JOB TRAINING SMALL OPERATOR SUPPORT","robots":{"index":"index","follow":"follow","max-snippet":"max-snippet:-1","max-image-preview":"max-image-preview:large","max-video-preview":"max-video-preview:-1"},"canonical":"https:\/\/beitech.net\/en\/career\/","og_locale":"en_US","og_type":"article","og_title":"Career - BEIT - Vietnam&#039;s leading technology, software development company","og_description":"Career You will never feel lost and inferior at BEIT! We are here to work, help and succeed. CLEAR CAREER PATH ON THE JOB TRAINING SMALL OPERATOR SUPPORT","og_url":"https:\/\/beitech.net\/en\/career\/","og_site_name":"BEIT - Vietnam&#039;s leading technology, software development company","article_modified_time":"2021-06-02T08:45:43+00:00","og_image":[{"width":626,"height":351,"url":"https:\/\/beitech.net\/wp-content\/uploads\/2021\/10\/hinh-anh-ve-tuyen-dung_012647551.png","type":"image\/png"}],"twitter_card":"summary_large_image","schema":{"@context":"https:\/\/schema.org","@graph":[{"@type":["Article","NewsArticle"],"@id":"https:\/\/beitech.net\/en\/career\/#article","isPartOf":{"@id":"https:\/\/beitech.net\/en\/career\/"},"author":{"name":"admin","@id":"https:\/\/beitech.net\/en\/#\/schema\/person\/0c125860a1908c9fb0d0dddb85b00e4b"},"headline":"Career","datePublished":"2021-05-27T10:13:22+00:00","dateModified":"2021-06-02T08:45:43+00:00","mainEntityOfPage":{"@id":"https:\/\/beitech.net\/en\/career\/"},"wordCount":45,"publisher":{"@id":"https:\/\/beitech.net\/en\/#organization"},"image":{"@id":"https:\/\/beitech.net\/en\/career\/#primaryimage"},"thumbnailUrl":"https:\/\/beitech.net\/wp-content\/uploads\/2021\/10\/hinh-anh-ve-tuyen-dung_012647551.png","inLanguage":"en-US","copyrightYear":"2021","copyrightHolder":{"@id":"https:\/\/beitech.net\/#organization"}},{"@type":"WebPage","@id":"https:\/\/beitech.net\/en\/career\/","url":"https:\/\/beitech.net\/en\/career\/","name":"Career - BEIT - Vietnam&#039;s leading technology, software development company","isPartOf":{"@id":"https:\/\/beitech.net\/en\/#website"},"primaryImageOfPage":{"@id":"https:\/\/beitech.net\/en\/career\/#primaryimage"},"image":{"@id":"https:\/\/beitech.net\/en\/career\/#primaryimage"},"thumbnailUrl":"https:\/\/beitech.net\/wp-content\/uploads\/2021\/10\/hinh-anh-ve-tuyen-dung_012647551.png","datePublished":"2021-05-27T10:13:22+00:00","dateModified":"2021-06-02T08:45:43+00:00","description":"Career You will never feel lost and inferior at BEIT! We are here to work, help and succeed. CLEAR CAREER PATH ON THE JOB TRAINING SMALL OPERATOR SUPPORT","inLanguage":"en-US","potentialAction":[{"@type":"ReadAction","target":["https:\/\/beitech.net\/en\/career\/"]}]},{"@type":"ImageObject","inLanguage":"en-US","@id":"https:\/\/beitech.net\/en\/career\/#primaryimage","url":"https:\/\/beitech.net\/wp-content\/uploads\/2021\/10\/hinh-anh-ve-tuyen-dung_012647551.png","contentUrl":"https:\/\/beitech.net\/wp-content\/uploads\/2021\/10\/hinh-anh-ve-tuyen-dung_012647551.png","width":626,"height":351},{"@type":"WebSite","@id":"https:\/\/beitech.net\/en\/#website","url":"https:\/\/beitech.net\/en\/","name":"BEIT - Vietnam&#039;s leading technology, software development company","description":"BEIT C\u00f4ng ty ph\u00e1t tri\u1ec3n c\u00f4ng ngh\u1ec7 h\u00e0ng \u0111\u1ea7u Vi\u1ec7t Nam","publisher":{"@id":"https:\/\/beitech.net\/en\/#organization"},"potentialAction":[{"@type":"SearchAction","target":{"@type":"EntryPoint","urlTemplate":"https:\/\/beitech.net\/en\/?s={search_term_string}"},"query-input":{"@type":"PropertyValueSpecification","valueRequired":true,"valueName":"search_term_string"}}],"inLanguage":"en-US"},{"@type":"Organization","@id":"https:\/\/beitech.net\/en\/#organization","name":"C\u00f4ng ty TNHH C\u00f4ng Ngh\u1ec7 BEIT","url":"https:\/\/beitech.net\/en\/","logo":{"@type":"ImageObject","inLanguage":"en-US","@id":"https:\/\/beitech.net\/en\/#\/schema\/logo\/image\/","url":"https:\/\/beitech.net\/wp-content\/uploads\/2022\/05\/logo_beit.png","contentUrl":"https:\/\/beitech.net\/wp-content\/uploads\/2022\/05\/logo_beit.png","width":1200,"height":630,"caption":"C\u00f4ng ty TNHH C\u00f4ng Ngh\u1ec7 BEIT"},"image":{"@id":"https:\/\/beitech.net\/en\/#\/schema\/logo\/image\/"}},{"@type":"Person","@id":"https:\/\/beitech.net\/en\/#\/schema\/person\/0c125860a1908c9fb0d0dddb85b00e4b","name":"admin","image":{"@type":"ImageObject","inLanguage":"en-US","@id":"https:\/\/secure.gravatar.com\/avatar\/54203c501c51e0fb5d7aa909c37bfebb2387356eecc8a9787e24d45c1c6d3ec2?s=96&d=mm&r=g","url":"https:\/\/secure.gravatar.com\/avatar\/54203c501c51e0fb5d7aa909c37bfebb2387356eecc8a9787e24d45c1c6d3ec2?s=96&d=mm&r=g","contentUrl":"https:\/\/secure.gravatar.com\/avatar\/54203c501c51e0fb5d7aa909c37bfebb2387356eecc8a9787e24d45c1c6d3ec2?s=96&d=mm&r=g","caption":"admin"},"sameAs":["http:\/\/beitech.net"],"url":"https:\/\/beitech.net\/en\/author\/admin\/"}]}},"_links":{"self":[{"href":"https:\/\/beitech.net\/en\/wp-json\/wp\/v2\/pages\/139","targetHints":{"allow":["GET"]}}],"collection":[{"href":"https:\/\/beitech.net\/en\/wp-json\/wp\/v2\/pages"}],"about":[{"href":"https:\/\/beitech.net\/en\/wp-json\/wp\/v2\/types\/page"}],"author":[{"embeddable":true,"href":"https:\/\/beitech.net\/en\/wp-json\/wp\/v2\/users\/1"}],"replies":[{"embeddable":true,"href":"https:\/\/beitech.net\/en\/wp-json\/wp\/v2\/comments?post=139"}],"version-history":[{"count":4,"href":"https:\/\/beitech.net\/en\/wp-json\/wp\/v2\/pages\/139\/revisions"}],"predecessor-version":[{"id":164,"href":"https:\/\/beitech.net\/en\/wp-json\/wp\/v2\/pages\/139\/revisions\/164"}],"wp:featuredmedia":[{"embeddable":true,"href":"https:\/\/beitech.net\/en\/wp-json\/wp\/v2\/media\/855"}],"wp:attachment":[{"href":"https:\/\/beitech.net\/en\/wp-json\/wp\/v2\/media?parent=139"}],"curies":[{"name":"wp","href":"https:\/\/api.w.org\/{rel}","templated":true}]}}