{"id":140,"date":"2021-05-27T07:46:50","date_gmt":"2021-05-27T07:46:50","guid":{"rendered":"http:\/\/beitech.net\/about\/"},"modified":"2023-11-27T01:30:35","modified_gmt":"2023-11-27T01:30:35","slug":"about","status":"publish","type":"page","link":"https:\/\/beitech.net\/en\/about\/","title":{"rendered":"About"},"content":{"rendered":"<section class=\"sectionbanner\">\n<h1>ABOUT US\u00a0<\/h1>\n<\/section>\n<section id=\"ecommerce-development\" class=\" intro\">\n<div class=\"container\">\n<div class=\"row\">\n<div class=\"col-md-6\">\n<h2 class=\"shoh2\">E-commerce Development<\/h2>\n<ul class=\"aboutli\">\n<li class=\"poitline\"><span class=\"sp\">\u00a0<\/span>BEIT with the development of hundreds of large and small projects in the field of E-Commerce at home and abroad using platforms: Shopify, Wooecommerce, Magento<\/li>\n<li class=\"poitline\"><span class=\"sp\">\u00a0<\/span>We focus only on a consistent progression for all of our clients from consultation, implementation to monitoring and evaluation. For the duration of the project, we provide full support with exceptional results.<\/li>\n<\/ul>\n<\/div>\n<div class=\"col-md-6 text-center\"><img class=\"lazy\" alt=\"\" data-src=\"\/wp-content\/themes\/beitech\/img\/about\/img1.svg\" \/><\/div>\n<\/div>\n<div class=\"row rowitemabout\">\n<div class=\"col-md-4\">\n<div class=\"itemabout\">Professional Consulting: We provide the most suitable consulting with a full analysis of the e-commerce websites of our clients and competitors.<\/div>\n<\/div>\n<div class=\"col-md-4\">\n<div class=\"itemabout\">Exceptional Results: We provide reliable Shopify services from store setup to full site optimization, delivering the best store customer experience.<\/div>\n<\/div>\n<div class=\"col-md-4\">\n<div class=\"itemabout\">Proactive support: We are always responsive and attentive to all the details that are important to our customers.<\/div>\n<\/div>\n<div class=\"col-md-12 text-center\"><a class=\"contactbtn\" href=\"https:\/\/beitech.net\/en\/contact-us\/\">Contact us<\/a><\/div>\n<\/div>\n<\/div>\n<\/section>\n<section id=\"mobi-app\" class=\"intro intro2\">\n<div class=\"container\">\n<div class=\"row\">\n<div class=\"col-md-6 text-center\"><img class=\"lazy\" alt=\"BEIT Mobi App Development\" data-src=\"\/wp-content\/themes\/beitech\/img\/about\/img2.svg\" \/><\/div>\n<div class=\"col-md-6 text-right\">\n<h2 class=\"shoh2\">Mobi App Development<\/h2>\n<ul class=\"aboutli aboutintro2\">\n<li class=\"poitline\"><span class=\"sp\">\u00a0<\/span>Besides E-Commerce, we develop applications on Mobi APP platforms: IOS and Android<\/li>\n<li class=\"poitline\"><span class=\"sp\">\u00a0<\/span>Maximize service so that customers can quickly expand their business and manage on Mobi platform<\/li>\n<\/ul>\n<\/div>\n<\/div>\n<div class=\"row rowitemabout\">\n<div class=\"col-md-4\">\n<div class=\"itemabout\">Our service is leading in the field of Mobi APP development with nearly 10 years of experience. We are proud to be the leading supplier for domestic and foreign markets<\/div>\n<\/div>\n<div class=\"col-md-4\">\n<div class=\"itemabout\">Our development platform is based on the latest technologies, with the best support such as Flutter, React Native, MOBI Native IOS<br \/>\n, MOBI Native Android<\/div>\n<\/div>\n<div class=\"col-md-4\">\n<div class=\"itemabout\">Responsive care and support: We get back to our customers as quickly as possible and get things done right from the start. We put ourselves in the position of the customer to provide the most suitable solutions.<\/div>\n<\/div>\n<div class=\"col-md-12 text-center\"><a class=\"contactbtn\" href=\"\/en\/contact-us\/\">Contact us <\/a><\/div>\n<\/div>\n<\/div>\n<\/section>\n<section id=\"management-software\" class=\" intro intro3\">\n<div class=\"container\">\n<div class=\"row\">\n<div class=\"col-md-6\">\n<h2 class=\"shoh2\">Management software<\/h2>\n<ul class=\"aboutli\">\n<li class=\"poitline\"><span class=\"sp\">\u00a0<\/span>We provide management software development services for corporate companies, public services<\/li>\n<li class=\"poitline\"><span class=\"sp\">\u00a0<\/span>Management software is developed on the best platforms, with the process according to the customer&#8217;s desire<\/li>\n<\/ul>\n<\/div>\n<div class=\"col-md-6 text-center\"><img class=\"lazy\" alt=\"BEIT Ph\u1ea7n m\u1ec1m qu\u1ea3n l\u00fd \" data-src=\"\/wp-content\/themes\/beitech\/img\/about\/img3.svg\" \/><\/div>\n<\/div>\n<div class=\"row rowitemabout\">\n<div class=\"col-md-4\">\n<div class=\"itemabout\">The service we provide in the field of software management, developed according to the customer&#8217;s process, with the most optimized solutions to help customers best manage their ideas.<\/div>\n<\/div>\n<div class=\"col-md-4\">\n<div class=\"itemabout\">Our services respond quickly, support quickly, build the most optimal solutions for customers kh\u00e1ch<\/div>\n<\/div>\n<div class=\"col-md-4\">\n<div class=\"itemabout\">Active Support: We will provide customer support as quickly as possible and treat it like a real customer.<\/div>\n<\/div>\n<div class=\"col-md-12 text-center\"><a class=\"contactbtn\" href=\"\/en\/contact-us\">Contact us <\/a><\/div>\n<\/div>\n<\/div>\n<\/section>\n<section class=\"intro4\">\n<div class=\"container\">\n<div class=\"row rowspcl\">\n<div class=\"col-md-12\">\n<h2>Strategic products<\/h2>\n<\/div>\n<div class=\"col-md-5 text-center\">\n<h3>WinAd advertising and order management software<\/h3>\n<div class=\"imgssf\"><img class=\"lazy\" alt=\"Ph\u1ea7n m\u1ec1m qu\u1ea3n l\u00fd qu\u1ea3ng c\u00e1o v\u00e0 \u0111\u01a1n h\u00e0ng WinAd\" data-src=\"\/wp-content\/themes\/beitech\/img\/about\/winad.png\" \/><\/div>\n<\/div>\n<div class=\"col-md-7\">\n<p class=\"go\">Businesses are having a headache with hundreds of orders coming from many different sources such as dozens of Landingpages, dozens of different websites. Unable to manage order input from marketing and sales staff or simply manage on Excel, it is easy to lose data.<\/p>\n<p class=\"go\">Meanwhile, it is not possible to manage the daily amount of money that employees have used for running ads. It is very difficult for company leaders to track the number of orders and corresponding to the amount of advertising spent, it is very difficult to come up with a new strategy to monitor daily, weekly, monthly and yearly<\/p>\n<p class=\"go\"><strong>WINAD will be the optimal solution for these headaches, helping businesses operate efficiently<\/strong><\/p>\n<p class=\"go\">The only software in Vietnam..<\/p>\n<div class=\"btndemo\"><a href=\"https:\/\/cms.beitech.net\/\" target=\"_blank\" rel=\"noopener\">Demo<\/a><\/div>\n<\/div>\n<\/div>\n<\/div>\n<\/section>\n","protected":false},"excerpt":{"rendered":"<p>ABOUT US\u00a0 E-commerce Development \u00a0BEIT with the development of hundreds of large and small projects in the field of E-Commerce [&hellip;]<\/p>\n","protected":false},"author":1,"featured_media":254,"parent":0,"menu_order":0,"comment_status":"closed","ping_status":"closed","template":"page.php","meta":{"footnotes":""},"class_list":["post-140","page","type-page","status-publish","has-post-thumbnail","hentry"],"acf":[],"yoast_head":"<!-- This site is optimized with the Yoast SEO plugin v27.4 - https:\/\/yoast.com\/product\/yoast-seo-wordpress\/ -->\n<title>About BEIT- Vietnam&#039;s leading technology company<\/title>\n<meta name=\"description\" content=\"BEIT with the development of hundreds of large and small projects in the field of E-Commerce at home and abroad using platforms: Shopify, Wooecommerce, Magento\" \/>\n<meta name=\"robots\" content=\"index, follow, max-snippet:-1, max-image-preview:large, max-video-preview:-1\" \/>\n<link rel=\"canonical\" href=\"https:\/\/beitech.net\/en\/about\/\" \/>\n<meta property=\"og:locale\" content=\"en_US\" \/>\n<meta property=\"og:type\" content=\"article\" \/>\n<meta property=\"og:title\" content=\"About BEIT- Vietnam&#039;s leading technology company\" \/>\n<meta property=\"og:description\" content=\"BEIT with the development of hundreds of large and small projects in the field of E-Commerce at home and abroad using platforms: Shopify, Wooecommerce, Magento\" \/>\n<meta property=\"og:url\" content=\"https:\/\/beitech.net\/en\/about\/\" \/>\n<meta property=\"og:site_name\" content=\"BEIT - Vietnam&#039;s leading technology, software development company\" \/>\n<meta property=\"article:modified_time\" content=\"2023-11-27T01:30:35+00:00\" \/>\n<meta property=\"og:image\" content=\"https:\/\/beitech.net\/wp-content\/uploads\/2021\/06\/logo_beit.jpg\" \/>\n\t<meta property=\"og:image:width\" content=\"1200\" \/>\n\t<meta property=\"og:image:height\" content=\"800\" \/>\n\t<meta property=\"og:image:type\" content=\"image\/jpeg\" \/>\n<meta name=\"twitter:card\" content=\"summary_large_image\" \/>\n<meta name=\"twitter:label1\" content=\"Est. reading time\" \/>\n\t<meta name=\"twitter:data1\" content=\"4 minutes\" \/>\n<script type=\"application\/ld+json\" class=\"yoast-schema-graph\">{\"@context\":\"https:\\\/\\\/schema.org\",\"@graph\":[{\"@type\":[\"Article\",\"NewsArticle\"],\"@id\":\"https:\\\/\\\/beitech.net\\\/en\\\/about\\\/#article\",\"isPartOf\":{\"@id\":\"https:\\\/\\\/beitech.net\\\/en\\\/about\\\/\"},\"author\":{\"name\":\"admin\",\"@id\":\"https:\\\/\\\/beitech.net\\\/en\\\/#\\\/schema\\\/person\\\/0c125860a1908c9fb0d0dddb85b00e4b\"},\"headline\":\"About\",\"datePublished\":\"2021-05-27T07:46:50+00:00\",\"dateModified\":\"2023-11-27T01:30:35+00:00\",\"mainEntityOfPage\":{\"@id\":\"https:\\\/\\\/beitech.net\\\/en\\\/about\\\/\"},\"wordCount\":468,\"publisher\":{\"@id\":\"https:\\\/\\\/beitech.net\\\/en\\\/#organization\"},\"image\":{\"@id\":\"https:\\\/\\\/beitech.net\\\/en\\\/about\\\/#primaryimage\"},\"thumbnailUrl\":\"https:\\\/\\\/beitech.net\\\/wp-content\\\/uploads\\\/2021\\\/06\\\/logo_beit.jpg\",\"inLanguage\":\"en-US\",\"copyrightYear\":\"2021\",\"copyrightHolder\":{\"@id\":\"https:\\\/\\\/beitech.net\\\/#organization\"}},{\"@type\":\"WebPage\",\"@id\":\"https:\\\/\\\/beitech.net\\\/en\\\/about\\\/\",\"url\":\"https:\\\/\\\/beitech.net\\\/en\\\/about\\\/\",\"name\":\"About BEIT- Vietnam's leading technology company\",\"isPartOf\":{\"@id\":\"https:\\\/\\\/beitech.net\\\/en\\\/#website\"},\"primaryImageOfPage\":{\"@id\":\"https:\\\/\\\/beitech.net\\\/en\\\/about\\\/#primaryimage\"},\"image\":{\"@id\":\"https:\\\/\\\/beitech.net\\\/en\\\/about\\\/#primaryimage\"},\"thumbnailUrl\":\"https:\\\/\\\/beitech.net\\\/wp-content\\\/uploads\\\/2021\\\/06\\\/logo_beit.jpg\",\"datePublished\":\"2021-05-27T07:46:50+00:00\",\"dateModified\":\"2023-11-27T01:30:35+00:00\",\"description\":\"BEIT with the development of hundreds of large and small projects in the field of E-Commerce at home and abroad using platforms: Shopify, Wooecommerce, Magento\",\"inLanguage\":\"en-US\",\"potentialAction\":[{\"@type\":\"ReadAction\",\"target\":[\"https:\\\/\\\/beitech.net\\\/en\\\/about\\\/\"]}]},{\"@type\":\"ImageObject\",\"inLanguage\":\"en-US\",\"@id\":\"https:\\\/\\\/beitech.net\\\/en\\\/about\\\/#primaryimage\",\"url\":\"https:\\\/\\\/beitech.net\\\/wp-content\\\/uploads\\\/2021\\\/06\\\/logo_beit.jpg\",\"contentUrl\":\"https:\\\/\\\/beitech.net\\\/wp-content\\\/uploads\\\/2021\\\/06\\\/logo_beit.jpg\",\"width\":1200,\"height\":800},{\"@type\":\"WebSite\",\"@id\":\"https:\\\/\\\/beitech.net\\\/en\\\/#website\",\"url\":\"https:\\\/\\\/beitech.net\\\/en\\\/\",\"name\":\"BEIT - Vietnam&#039;s leading technology, software development company\",\"description\":\"BEIT C\u00f4ng ty ph\u00e1t tri\u1ec3n c\u00f4ng ngh\u1ec7 h\u00e0ng \u0111\u1ea7u Vi\u1ec7t Nam\",\"publisher\":{\"@id\":\"https:\\\/\\\/beitech.net\\\/en\\\/#organization\"},\"potentialAction\":[{\"@type\":\"SearchAction\",\"target\":{\"@type\":\"EntryPoint\",\"urlTemplate\":\"https:\\\/\\\/beitech.net\\\/en\\\/?s={search_term_string}\"},\"query-input\":{\"@type\":\"PropertyValueSpecification\",\"valueRequired\":true,\"valueName\":\"search_term_string\"}}],\"inLanguage\":\"en-US\"},{\"@type\":\"Organization\",\"@id\":\"https:\\\/\\\/beitech.net\\\/en\\\/#organization\",\"name\":\"C\u00f4ng ty TNHH C\u00f4ng Ngh\u1ec7 BEIT\",\"url\":\"https:\\\/\\\/beitech.net\\\/en\\\/\",\"logo\":{\"@type\":\"ImageObject\",\"inLanguage\":\"en-US\",\"@id\":\"https:\\\/\\\/beitech.net\\\/en\\\/#\\\/schema\\\/logo\\\/image\\\/\",\"url\":\"https:\\\/\\\/beitech.net\\\/wp-content\\\/uploads\\\/2022\\\/05\\\/logo_beit.png\",\"contentUrl\":\"https:\\\/\\\/beitech.net\\\/wp-content\\\/uploads\\\/2022\\\/05\\\/logo_beit.png\",\"width\":1200,\"height\":630,\"caption\":\"C\u00f4ng ty TNHH C\u00f4ng Ngh\u1ec7 BEIT\"},\"image\":{\"@id\":\"https:\\\/\\\/beitech.net\\\/en\\\/#\\\/schema\\\/logo\\\/image\\\/\"}},{\"@type\":\"Person\",\"@id\":\"https:\\\/\\\/beitech.net\\\/en\\\/#\\\/schema\\\/person\\\/0c125860a1908c9fb0d0dddb85b00e4b\",\"name\":\"admin\",\"image\":{\"@type\":\"ImageObject\",\"inLanguage\":\"en-US\",\"@id\":\"https:\\\/\\\/secure.gravatar.com\\\/avatar\\\/54203c501c51e0fb5d7aa909c37bfebb2387356eecc8a9787e24d45c1c6d3ec2?s=96&d=mm&r=g\",\"url\":\"https:\\\/\\\/secure.gravatar.com\\\/avatar\\\/54203c501c51e0fb5d7aa909c37bfebb2387356eecc8a9787e24d45c1c6d3ec2?s=96&d=mm&r=g\",\"contentUrl\":\"https:\\\/\\\/secure.gravatar.com\\\/avatar\\\/54203c501c51e0fb5d7aa909c37bfebb2387356eecc8a9787e24d45c1c6d3ec2?s=96&d=mm&r=g\",\"caption\":\"admin\"},\"sameAs\":[\"http:\\\/\\\/beitech.net\"],\"url\":\"https:\\\/\\\/beitech.net\\\/en\\\/author\\\/admin\\\/\"}]}<\/script>\n<!-- \/ Yoast SEO plugin. -->","yoast_head_json":{"title":"About BEIT- Vietnam's leading technology company","description":"BEIT with the development of hundreds of large and small projects in the field of E-Commerce at home and abroad using platforms: Shopify, Wooecommerce, Magento","robots":{"index":"index","follow":"follow","max-snippet":"max-snippet:-1","max-image-preview":"max-image-preview:large","max-video-preview":"max-video-preview:-1"},"canonical":"https:\/\/beitech.net\/en\/about\/","og_locale":"en_US","og_type":"article","og_title":"About BEIT- Vietnam's leading technology company","og_description":"BEIT with the development of hundreds of large and small projects in the field of E-Commerce at home and abroad using platforms: Shopify, Wooecommerce, Magento","og_url":"https:\/\/beitech.net\/en\/about\/","og_site_name":"BEIT - Vietnam&#039;s leading technology, software development company","article_modified_time":"2023-11-27T01:30:35+00:00","og_image":[{"width":1200,"height":800,"url":"https:\/\/beitech.net\/wp-content\/uploads\/2021\/06\/logo_beit.jpg","type":"image\/jpeg"}],"twitter_card":"summary_large_image","twitter_misc":{"Est. reading time":"4 minutes"},"schema":{"@context":"https:\/\/schema.org","@graph":[{"@type":["Article","NewsArticle"],"@id":"https:\/\/beitech.net\/en\/about\/#article","isPartOf":{"@id":"https:\/\/beitech.net\/en\/about\/"},"author":{"name":"admin","@id":"https:\/\/beitech.net\/en\/#\/schema\/person\/0c125860a1908c9fb0d0dddb85b00e4b"},"headline":"About","datePublished":"2021-05-27T07:46:50+00:00","dateModified":"2023-11-27T01:30:35+00:00","mainEntityOfPage":{"@id":"https:\/\/beitech.net\/en\/about\/"},"wordCount":468,"publisher":{"@id":"https:\/\/beitech.net\/en\/#organization"},"image":{"@id":"https:\/\/beitech.net\/en\/about\/#primaryimage"},"thumbnailUrl":"https:\/\/beitech.net\/wp-content\/uploads\/2021\/06\/logo_beit.jpg","inLanguage":"en-US","copyrightYear":"2021","copyrightHolder":{"@id":"https:\/\/beitech.net\/#organization"}},{"@type":"WebPage","@id":"https:\/\/beitech.net\/en\/about\/","url":"https:\/\/beitech.net\/en\/about\/","name":"About BEIT- Vietnam's leading technology company","isPartOf":{"@id":"https:\/\/beitech.net\/en\/#website"},"primaryImageOfPage":{"@id":"https:\/\/beitech.net\/en\/about\/#primaryimage"},"image":{"@id":"https:\/\/beitech.net\/en\/about\/#primaryimage"},"thumbnailUrl":"https:\/\/beitech.net\/wp-content\/uploads\/2021\/06\/logo_beit.jpg","datePublished":"2021-05-27T07:46:50+00:00","dateModified":"2023-11-27T01:30:35+00:00","description":"BEIT with the development of hundreds of large and small projects in the field of E-Commerce at home and abroad using platforms: Shopify, Wooecommerce, Magento","inLanguage":"en-US","potentialAction":[{"@type":"ReadAction","target":["https:\/\/beitech.net\/en\/about\/"]}]},{"@type":"ImageObject","inLanguage":"en-US","@id":"https:\/\/beitech.net\/en\/about\/#primaryimage","url":"https:\/\/beitech.net\/wp-content\/uploads\/2021\/06\/logo_beit.jpg","contentUrl":"https:\/\/beitech.net\/wp-content\/uploads\/2021\/06\/logo_beit.jpg","width":1200,"height":800},{"@type":"WebSite","@id":"https:\/\/beitech.net\/en\/#website","url":"https:\/\/beitech.net\/en\/","name":"BEIT - Vietnam&#039;s leading technology, software development company","description":"BEIT C\u00f4ng ty ph\u00e1t tri\u1ec3n c\u00f4ng ngh\u1ec7 h\u00e0ng \u0111\u1ea7u Vi\u1ec7t Nam","publisher":{"@id":"https:\/\/beitech.net\/en\/#organization"},"potentialAction":[{"@type":"SearchAction","target":{"@type":"EntryPoint","urlTemplate":"https:\/\/beitech.net\/en\/?s={search_term_string}"},"query-input":{"@type":"PropertyValueSpecification","valueRequired":true,"valueName":"search_term_string"}}],"inLanguage":"en-US"},{"@type":"Organization","@id":"https:\/\/beitech.net\/en\/#organization","name":"C\u00f4ng ty TNHH C\u00f4ng Ngh\u1ec7 BEIT","url":"https:\/\/beitech.net\/en\/","logo":{"@type":"ImageObject","inLanguage":"en-US","@id":"https:\/\/beitech.net\/en\/#\/schema\/logo\/image\/","url":"https:\/\/beitech.net\/wp-content\/uploads\/2022\/05\/logo_beit.png","contentUrl":"https:\/\/beitech.net\/wp-content\/uploads\/2022\/05\/logo_beit.png","width":1200,"height":630,"caption":"C\u00f4ng ty TNHH C\u00f4ng Ngh\u1ec7 BEIT"},"image":{"@id":"https:\/\/beitech.net\/en\/#\/schema\/logo\/image\/"}},{"@type":"Person","@id":"https:\/\/beitech.net\/en\/#\/schema\/person\/0c125860a1908c9fb0d0dddb85b00e4b","name":"admin","image":{"@type":"ImageObject","inLanguage":"en-US","@id":"https:\/\/secure.gravatar.com\/avatar\/54203c501c51e0fb5d7aa909c37bfebb2387356eecc8a9787e24d45c1c6d3ec2?s=96&d=mm&r=g","url":"https:\/\/secure.gravatar.com\/avatar\/54203c501c51e0fb5d7aa909c37bfebb2387356eecc8a9787e24d45c1c6d3ec2?s=96&d=mm&r=g","contentUrl":"https:\/\/secure.gravatar.com\/avatar\/54203c501c51e0fb5d7aa909c37bfebb2387356eecc8a9787e24d45c1c6d3ec2?s=96&d=mm&r=g","caption":"admin"},"sameAs":["http:\/\/beitech.net"],"url":"https:\/\/beitech.net\/en\/author\/admin\/"}]}},"_links":{"self":[{"href":"https:\/\/beitech.net\/en\/wp-json\/wp\/v2\/pages\/140","targetHints":{"allow":["GET"]}}],"collection":[{"href":"https:\/\/beitech.net\/en\/wp-json\/wp\/v2\/pages"}],"about":[{"href":"https:\/\/beitech.net\/en\/wp-json\/wp\/v2\/types\/page"}],"author":[{"embeddable":true,"href":"https:\/\/beitech.net\/en\/wp-json\/wp\/v2\/users\/1"}],"replies":[{"embeddable":true,"href":"https:\/\/beitech.net\/en\/wp-json\/wp\/v2\/comments?post=140"}],"version-history":[{"count":12,"href":"https:\/\/beitech.net\/en\/wp-json\/wp\/v2\/pages\/140\/revisions"}],"predecessor-version":[{"id":3620,"href":"https:\/\/beitech.net\/en\/wp-json\/wp\/v2\/pages\/140\/revisions\/3620"}],"wp:featuredmedia":[{"embeddable":true,"href":"https:\/\/beitech.net\/en\/wp-json\/wp\/v2\/media\/254"}],"wp:attachment":[{"href":"https:\/\/beitech.net\/en\/wp-json\/wp\/v2\/media?parent=140"}],"curies":[{"name":"wp","href":"https:\/\/api.w.org\/{rel}","templated":true}]}}