{"id":2272,"date":"2022-08-09T07:14:47","date_gmt":"2022-08-09T07:14:47","guid":{"rendered":"https:\/\/beitech.net\/?page_id=2272"},"modified":"2023-11-27T01:31:08","modified_gmt":"2023-11-27T01:31:08","slug":"about-us","status":"publish","type":"page","link":"https:\/\/beitech.net\/ja\/about-us\/","title":{"rendered":"\u79c1\u305f\u3061\u306f\u4f55\u3092\u3057\u307e\u3059"},"content":{"rendered":"<section class=\"sectionbanner\">\n<h1>\u79c1\u305f\u3061\u306f\u4f55\u3092\u3057\u307e\u3059<\/h1>\n<\/section>\n<section class=\" intro\">\n<div class=\"container\">\n<div class=\"row\">\n<div class=\"col-md-6\">\n<h2 class=\"shoh2\">E-commerce Development<\/h2>\n<ul class=\"aboutli\">\n<li class=\"poitline\"><span class=\"sp\">\u00a0<\/span>Shopify\u3001Wooecommerce\u3001Magento\u306e\u30d7\u30e9\u30c3\u30c8\u30d5\u30a9\u30fc\u30e0\u3092\u4f7f\u7528\u3057\u3066\u3001\u56fd\u5185\u5916\u306eE\u30b3\u30de\u30fc\u30b9\u5206\u91ce\u3067\u6570\u767e\u306e\u5927\u5c0f\u306e\u30d7\u30ed\u30b8\u30a7\u30af\u30c8\u3092\u958b\u767a\u3057\u307e\u3057\u305f\u3002<\/li>\n<li class=\"poitline\"><span class=\"sp\">\u00a0<\/span>\u79c1\u305f\u3061\u306f\u3001\u30b3\u30f3\u30b5\u30eb\u30c6\u30a3\u30f3\u30b0\u3001\u5b9f\u88c5\u304b\u3089\u76e3\u8996\u3001\u8a55\u4fa1\u307e\u3067\u3001\u3059\u3079\u3066\u306e\u30af\u30e9\u30a4\u30a2\u30f3\u30c8\u306e\u4e00\u8cab\u3057\u305f\u9032\u884c\u306b\u306e\u307f\u7126\u70b9\u3092\u5f53\u3066\u3066\u3044\u307e\u3059.\u30d7\u30ed\u30b8\u30a7\u30af\u30c8\u306e\u671f\u9593\u4e2d\u3001\u5f53\u793e\u306f\u512a\u308c\u305f\u7d50\u679c\u3092\u3082\u305f\u3089\u3059\u5b8c\u5168\u306a\u30b5\u30dd\u30fc\u30c8\u3092\u63d0\u4f9b\u3057\u307e\u3059\u3002<\/li>\n<\/ul>\n<\/div>\n<div class=\"col-md-6 text-center\"><img class=\"lazy\" alt=\"\" data-src=\"\/wp-content\/themes\/beitech\/img\/about\/img1.svg\" \/><\/div>\n<\/div>\n<div class=\"row rowitemabout\">\n<div class=\"col-md-4\">\n<div class=\"itemabout\">\u5c02\u9580\u7684\u306a\u30b3\u30f3\u30b5\u30eb\u30c6\u30a3\u30f3\u30b0\uff1a\u30af\u30e9\u30a4\u30a2\u30f3\u30c8\u3068\u7af6\u5408\u4ed6\u793e\u306e\u96fb\u5b50\u5546\u53d6\u5f15\u30a6\u30a7\u30d6\u30b5\u30a4\u30c8\u3092\u5b8c\u5168\u306b\u5206\u6790\u3057\u3066\u3001\u6700\u9069\u306a\u30b3\u30f3\u30b5\u30eb\u30c6\u30a3\u30f3\u30b0\u3092\u63d0\u4f9b\u3057\u307e\u3059\u3002<\/div>\n<\/div>\n<div class=\"col-md-4\">\n<div class=\"itemabout\">\u5353\u8d8a\u3057\u305f\u7d50\u679c: \u30b9\u30c8\u30a2\u306e\u30bb\u30c3\u30c8\u30a2\u30c3\u30d7\u304b\u3089\u5b8c\u5168\u306a\u30b5\u30a4\u30c8\u306e\u6700\u9069\u5316\u307e\u3067\u3001\u4fe1\u983c\u3067\u304d\u308b Shopify \u30b5\u30fc\u30d3\u30b9\u3092\u63d0\u4f9b\u3057\u3001\u6700\u9ad8\u306e\u30b9\u30c8\u30a2\u306e\u9867\u5ba2\u4f53\u9a13\u3092\u63d0\u4f9b\u3057\u307e\u3059\u3002<\/div>\n<\/div>\n<div class=\"col-md-4\">\n<div class=\"itemabout\">\u30d7\u30ed\u30a2\u30af\u30c6\u30a3\u30d6\u306a\u30b5\u30dd\u30fc\u30c8: \u304a\u5ba2\u69d8\u306b\u3068\u3063\u3066\u91cd\u8981\u306a\u3059\u3079\u3066\u306e\u8a73\u7d30\u306b\u5e38\u306b\u5bfe\u5fdc\u3057\u3001\u6ce8\u610f\u3092\u6255\u3063\u3066\u3044\u307e\u3059\u3002<\/div>\n<\/div>\n<div class=\"col-md-12 text-center\"><a class=\"contactbtn\" href=\"\/lien-he\/\">\u304a\u554f\u3044\u5408\u308f\u305b <\/a><\/div>\n<\/div>\n<\/div>\n<\/section>\n<section class=\"intro intro2\">\n<div class=\"container\">\n<div class=\"row\">\n<div class=\"col-md-6 text-center\"><img class=\"lazy\" alt=\"BEIT Mobi App Development\" data-src=\"\/wp-content\/themes\/beitech\/img\/about\/img2.svg\" \/><\/div>\n<div class=\"col-md-6 text-right\">\n<h2 class=\"shoh2\">Mobi App Development<\/h2>\n<ul class=\"aboutli aboutintro2\">\n<li class=\"poitline\"><span class=\"sp\">\u00a0<\/span>E \u30b3\u30de\u30fc\u30b9\u4ee5\u5916\u306b\u3082\u3001Mobi APP \u30d7\u30e9\u30c3\u30c8\u30d5\u30a9\u30fc\u30e0 (IOS \u304a\u3088\u3073 Android) \u3067\u30a2\u30d7\u30ea\u30b1\u30fc\u30b7\u30e7\u30f3\u3092\u958b\u767a\u3057\u3066\u3044\u307e\u3059\u3002<\/li>\n<li class=\"poitline\"><span class=\"sp\">\u00a0<\/span>\u30b5\u30fc\u30d3\u30b9\u3092\u6700\u5927\u5316\u3057\u3066\u3001\u9867\u5ba2\u304c\u30d3\u30b8\u30cd\u30b9\u3092\u8fc5\u901f\u306b\u62e1\u5927\u3057\u3001Mobi \u30d7\u30e9\u30c3\u30c8\u30d5\u30a9\u30fc\u30e0\u3067\u7ba1\u7406\u3067\u304d\u308b\u3088\u3046\u306b\u3059\u308b<\/li>\n<\/ul>\n<\/div>\n<\/div>\n<div class=\"row rowitemabout\">\n<div class=\"col-md-4\">\n<div class=\"itemabout\">\u79c1\u305f\u3061\u306e\u30b5\u30fc\u30d3\u30b9\u306f\u300110\u5e74\u3050\u3089\u3044\u306e\u7d4c\u9a13\u3092\u6301\u3064Mobi APP\u958b\u767a\u306e\u5206\u91ce\u3092\u30ea\u30fc\u30c9\u3057\u3066\u3044\u307e\u3059\u3002\u79c1\u305f\u3061\u306f\u3001\u56fd\u5185\u304a\u3088\u3073\u6d77\u5916\u5e02\u5834\u306e\u4e3b\u8981\u30b5\u30d7\u30e9\u30a4\u30e4\u30fc\u3067\u3042\u308b\u3053\u3068\u3092\u8a87\u308a\u306b\u601d\u3063\u3066\u3044\u307e\u3059\u3002<\/div>\n<\/div>\n<div class=\"col-md-4\">\n<div class=\"itemabout\">\u5f53\u793e\u306e\u958b\u767a\u30d7\u30e9\u30c3\u30c8\u30d5\u30a9\u30fc\u30e0\u306f\u6700\u65b0\u306e\u30c6\u30af\u30ce\u30ed\u30b8\u30fc\u306b\u57fa\u3065\u3044\u3066\u304a\u308a\u3001Flutter\u3001React Native\u3001MOBI Native IOS\u3001MOBI Native Android \u306a\u3069\u306e\u6700\u9ad8\u306e\u30b5\u30dd\u30fc\u30c8\u3092\u5099\u3048\u3066\u3044\u307e\u3059\u3002<\/div>\n<\/div>\n<div class=\"col-md-4\">\n<div class=\"itemabout\">\u30ec\u30b9\u30dd\u30f3\u30b7\u30d6 \u30b1\u30a2\u3068\u30b5\u30dd\u30fc\u30c8: \u3067\u304d\u308b\u3060\u3051\u65e9\u304f\u304a\u5ba2\u69d8\u306b\u9023\u7d61\u3057\u3001\u6700\u521d\u304b\u3089\u9069\u5207\u306b\u5bfe\u5fdc\u3057\u307e\u3059\u3002\u304a\u5ba2\u69d8\u306e\u7acb\u5834\u306b\u7acb\u3063\u3066\u3001\u6700\u9069\u306a\u30bd\u30ea\u30e5\u30fc\u30b7\u30e7\u30f3\u3092\u63d0\u4f9b\u3057\u307e\u3059\u3002<\/div>\n<\/div>\n<div class=\"col-md-12 text-center\"><a class=\"contactbtn\" href=\"https:\/\/beitech.net\/lien-he\/\">\u304a\u554f\u3044\u5408\u308f\u305b<\/a><\/div>\n<\/div>\n<\/div>\n<\/section>\n<section class=\" intro intro3\">\n<div class=\"container\">\n<div class=\"row\">\n<div class=\"col-md-6\">\n<h2 class=\"shoh2\">\u7ba1\u7406\u30bd\u30d5\u30c8\u30a6\u30a7\u30a2<\/h2>\n<ul class=\"aboutli\">\n<li class=\"poitline\"><span class=\"sp\">\u00a0<\/span>\u4f01\u696d\u3001\u516c\u5171\u30b5\u30fc\u30d3\u30b9\u5411\u3051\u306e\u7ba1\u7406\u30bd\u30d5\u30c8\u30a6\u30a7\u30a2\u958b\u767a\u30b5\u30fc\u30d3\u30b9\u3092\u63d0\u4f9b\u3057\u307e\u3059\u3002<\/li>\n<li class=\"poitline\"><span class=\"sp\">\u00a0<\/span>\u7ba1\u7406\u30bd\u30d5\u30c8\u30a6\u30a7\u30a2\u306f\u3001\u9867\u5ba2\u304c\u671b\u3080\u30d7\u30ed\u30bb\u30b9\u3067\u3001\u6700\u9069\u306a\u30d7\u30e9\u30c3\u30c8\u30d5\u30a9\u30fc\u30e0\u3067\u958b\u767a\u3055\u308c\u307e\u3059\u3002<\/li>\n<\/ul>\n<\/div>\n<div class=\"col-md-6 text-center\"><img class=\"lazy\" alt=\"BEIT Ph\u1ea7n m\u1ec1m qu\u1ea3n l\u00fd \" data-src=\"\/wp-content\/themes\/beitech\/img\/about\/img3.svg\" \/><\/div>\n<\/div>\n<div class=\"row rowitemabout\">\n<div class=\"col-md-4\">\n<div class=\"itemabout\">\u30bd\u30d5\u30c8\u30a6\u30a7\u30a2\u7ba1\u7406\u306e\u5206\u91ce\u3067\u5f53\u793e\u304c\u63d0\u4f9b\u3059\u308b\u30b5\u30fc\u30d3\u30b9\u306f\u3001\u304a\u5ba2\u69d8\u306e\u30d7\u30ed\u30bb\u30b9\u306b\u5f93\u3063\u3066\u958b\u767a\u3055\u308c\u3001\u304a\u5ba2\u69d8\u304c\u30a2\u30a4\u30c7\u30a2\u3092\u6700\u9069\u306b\u7ba1\u7406\u3067\u304d\u308b\u3088\u3046\u306b\u6700\u9069\u5316\u3055\u308c\u305f\u30bd\u30ea\u30e5\u30fc\u30b7\u30e7\u30f3\u3092\u5099\u3048\u3066\u3044\u307e\u3059\u3002<\/div>\n<\/div>\n<div class=\"col-md-4\">\n<div class=\"itemabout\">\u79c1\u305f\u3061\u306e\u30b5\u30fc\u30d3\u30b9\u306f\u8fc5\u901f\u306b\u5bfe\u5fdc\u3057\u3001\u8fc5\u901f\u306b\u30b5\u30dd\u30fc\u30c8\u3057\u3001\u9867\u5ba2\u306b\u3068\u3063\u3066\u6700\u9069\u306a\u30bd\u30ea\u30e5\u30fc\u30b7\u30e7\u30f3\u3092\u69cb\u7bc9\u3057\u307e\u3059\u3002<\/div>\n<\/div>\n<div class=\"col-md-4\">\n<div class=\"itemabout\">\u30a2\u30af\u30c6\u30a3\u30d6\u306a\u30b5\u30dd\u30fc\u30c8: \u30ab\u30b9\u30bf\u30de\u30fc \u30b5\u30dd\u30fc\u30c8\u3092\u53ef\u80fd\u306a\u9650\u308a\u8fc5\u901f\u306b\u63d0\u4f9b\u3057\u3001\u5b9f\u969b\u306e\u9867\u5ba2\u306e\u3088\u3046\u306b\u554f\u984c\u3092\u89e3\u6c7a\u3059\u308b\u3002<\/div>\n<\/div>\n<div class=\"col-md-12 text-center\"><a class=\"contactbtn\" href=\"https:\/\/beitech.net\/lien-he\/\">\u304a\u554f\u3044\u5408\u308f\u305b <\/a><\/div>\n<\/div>\n<\/div>\n<\/section>\n<section class=\"intro4\">\n<div class=\"container\">\n<div class=\"row rowspcl\">\n<div class=\"col-md-12\">\n<h2>\u6226\u7565\u88fd\u54c1<\/h2>\n<\/div>\n<div class=\"col-md-5 text-center\">\n<h3>\u5e83\u544a\u3068\u6ce8\u6587\u7ba1\u7406\u30bd\u30d5\u30c8\u30a6\u30a7\u30a2\uff1aWinAd<\/h3>\n<div class=\"imgssf\"><img decoding=\"async\" class=\"lazy\" src=\"\/wp-content\/themes\/beitech\/img\/about\/winad.png\" alt=\"Ph\u1ea7n m\u1ec1m qu\u1ea3n l\u00fd qu\u1ea3ng c\u00e1o v\u00e0 \u0111\u01a1n h\u00e0ng WinAd\" \/><\/div>\n<\/div>\n<div class=\"col-md-7\">\n<p>\u4f01\u696d\u306f\u3001\u6570\u5341\u306e\u30e9\u30f3\u30c7\u30a3\u30f3\u30b0 \u30da\u30fc\u30b8\u3084\u6570\u5341\u306e\u7570\u306a\u308b Web \u30b5\u30a4\u30c8\u306a\u3069\u3001\u3055\u307e\u3056\u307e\u306a\u30bd\u30fc\u30b9\u304b\u3089\u306e\u6570\u767e\u306e\u6ce8\u6587\u306b\u60a9\u307e\u3055\u308c\u3066\u3044\u307e\u3059\u3002\u30de\u30fc\u30b1\u30c6\u30a3\u30f3\u30b0\u3084\u55b6\u696d\u62c5\u5f53\u8005\u304b\u3089\u306e\u6ce8\u6587\u5165\u529b\u3092\u7ba1\u7406\u3057\u305f\u308a\u3001\u5358\u306b Excel \u3067\u7ba1\u7406\u3057\u305f\u308a\u3059\u308b\u3053\u3068\u304c\u3067\u304d\u306a\u3044\u305f\u3081\u3001\u30c7\u30fc\u30bf\u304c\u5931\u308f\u308c\u3084\u3059\u304f\u306a\u308a\u307e\u3059\u3002<\/p>\n<p>\u4e00\u65b9\u3067\u3001\u5f93\u696d\u54e1\u304c\u65e5\u3005\u5e83\u544a\u306b\u4f7f\u3063\u3066\u3044\u308b\u91d1\u984d\u3092\u7ba1\u7406\u3059\u308b\u3053\u3068\u306f\u3067\u304d\u307e\u305b\u3093\u3002\u4f1a\u793e\u306e\u30ea\u30fc\u30c0\u30fc\u304c\u6ce8\u6587\u6570\u3092\u8ffd\u8de1\u3057\u3001\u8cbb\u3084\u3055\u308c\u305f\u5e83\u544a\u306e\u91cf\u306b\u5bfe\u5fdc\u3059\u308b\u3053\u3068\u306f\u975e\u5e38\u306b\u56f0\u96e3\u3067\u3059\u3002\u6bce\u65e5\u3001\u6bce\u9031\u3001\u6bce\u6708\u3001\u6bce\u5e74\u76e3\u8996\u3059\u308b\u305f\u3081\u306e\u65b0\u3057\u3044\u6226\u7565\u3092\u8003\u3048\u51fa\u3059\u3053\u3068\u306f\u975e\u5e38\u306b\u56f0\u96e3\u3067\u3059\u3002<\/p>\n<p>WINAD \u3092\u4f7f\u7528\u3059\u308b\u3053\u3068\u306f\u3001\u3053\u308c\u3089\u306e\u982d\u75db\u306e\u6700\u9069\u306a\u30bd\u30ea\u30e5\u30fc\u30b7\u30e7\u30f3\u3067\u3042\u308a\u3001\u30d3\u30b8\u30cd\u30b9\u306e\u52b9\u7387\u7684\u306a\u904b\u55b6\u3092\u652f\u63f4\u3057\u307e\u3059\u3002<\/p>\n<p>\u30d9\u30c8\u30ca\u30e0\u3067\u552f\u4e00\u306e\u30bd\u30d5\u30c8\u30a6\u30a7\u30a2\u3002<\/p>\n<div class=\"btndemo\"><a href=\"https:\/\/cms.beitech.net\/\" target=\"_blank\" rel=\"noopener\">\u30c7\u30e2<\/a><\/div>\n<\/div>\n<\/div>\n<\/div>\n<\/section>\n","protected":false},"excerpt":{"rendered":"<p>\u79c1\u305f\u3061\u306f\u4f55\u3092\u3057\u307e\u3059 E-commerce [&hellip;]<\/p>\n","protected":false},"author":1,"featured_media":1786,"parent":0,"menu_order":0,"comment_status":"closed","ping_status":"closed","template":"page.php","meta":{"footnotes":""},"class_list":["post-2272","page","type-page","status-publish","has-post-thumbnail","hentry"],"acf":[],"yoast_head":"<!-- This site is optimized with the Yoast SEO plugin v27.4 - https:\/\/yoast.com\/product\/yoast-seo-wordpress\/ -->\n<title>\u79c1\u305f\u3061\u306f\u4f55\u3092\u3057\u307e\u3059 - BEIT C\u00f4ng ty ph\u00e1t tri\u1ec3n c\u00f4ng ngh\u1ec7 h\u00e0ng \u0111\u1ea7u Vi\u1ec7t Nam<\/title>\n<meta name=\"description\" content=\"\u79c1\u305f\u3061\u306f\u4f55\u3092\u3057\u307e\u3059 E-commerce Development\" \/>\n<meta name=\"robots\" content=\"index, follow, max-snippet:-1, max-image-preview:large, max-video-preview:-1\" \/>\n<link rel=\"canonical\" href=\"https:\/\/beitech.net\/ja\/about-us\/\" \/>\n<meta property=\"og:locale\" content=\"ja_JP\" \/>\n<meta property=\"og:type\" content=\"article\" \/>\n<meta property=\"og:title\" content=\"\u79c1\u305f\u3061\u306f\u4f55\u3092\u3057\u307e\u3059 - BEIT C\u00f4ng ty ph\u00e1t tri\u1ec3n c\u00f4ng ngh\u1ec7 h\u00e0ng \u0111\u1ea7u Vi\u1ec7t Nam\" \/>\n<meta property=\"og:description\" content=\"\u79c1\u305f\u3061\u306f\u4f55\u3092\u3057\u307e\u3059 E-commerce Development\" \/>\n<meta property=\"og:url\" content=\"https:\/\/beitech.net\/ja\/about-us\/\" \/>\n<meta property=\"og:site_name\" content=\"BEIT C\u00f4ng ty ph\u00e1t tri\u1ec3n c\u00f4ng ngh\u1ec7 h\u00e0ng \u0111\u1ea7u Vi\u1ec7t Nam\" \/>\n<meta property=\"article:modified_time\" content=\"2023-11-27T01:31:08+00:00\" \/>\n<meta property=\"og:image\" content=\"https:\/\/beitech.net\/wp-content\/uploads\/2021\/06\/logo_beit.jpg\" \/>\n\t<meta property=\"og:image:width\" content=\"1200\" \/>\n\t<meta property=\"og:image:height\" content=\"800\" \/>\n\t<meta property=\"og:image:type\" content=\"image\/jpeg\" \/>\n<meta name=\"twitter:card\" content=\"summary_large_image\" \/>\n<meta name=\"twitter:label1\" content=\"\u63a8\u5b9a\u8aad\u307f\u53d6\u308a\u6642\u9593\" \/>\n\t<meta name=\"twitter:data1\" content=\"2\u5206\" \/>\n<script type=\"application\/ld+json\" class=\"yoast-schema-graph\">{\"@context\":\"https:\\\/\\\/schema.org\",\"@graph\":[{\"@type\":[\"Article\",\"NewsArticle\"],\"@id\":\"https:\\\/\\\/beitech.net\\\/ja\\\/about-us\\\/#article\",\"isPartOf\":{\"@id\":\"https:\\\/\\\/beitech.net\\\/ja\\\/about-us\\\/\"},\"author\":{\"name\":\"admin\",\"@id\":\"https:\\\/\\\/beitech.net\\\/ja\\\/#\\\/schema\\\/person\\\/0c125860a1908c9fb0d0dddb85b00e4b\"},\"headline\":\"\u79c1\u305f\u3061\u306f\u4f55\u3092\u3057\u307e\u3059\",\"datePublished\":\"2022-08-09T07:14:47+00:00\",\"dateModified\":\"2023-11-27T01:31:08+00:00\",\"mainEntityOfPage\":{\"@id\":\"https:\\\/\\\/beitech.net\\\/ja\\\/about-us\\\/\"},\"wordCount\":31,\"publisher\":{\"@id\":\"https:\\\/\\\/beitech.net\\\/ja\\\/#organization\"},\"image\":{\"@id\":\"https:\\\/\\\/beitech.net\\\/ja\\\/about-us\\\/#primaryimage\"},\"thumbnailUrl\":\"https:\\\/\\\/beitech.net\\\/wp-content\\\/uploads\\\/2021\\\/06\\\/logo_beit.jpg\",\"inLanguage\":\"ja\",\"copyrightYear\":\"2022\",\"copyrightHolder\":{\"@id\":\"https:\\\/\\\/beitech.net\\\/#organization\"}},{\"@type\":\"WebPage\",\"@id\":\"https:\\\/\\\/beitech.net\\\/ja\\\/about-us\\\/\",\"url\":\"https:\\\/\\\/beitech.net\\\/ja\\\/about-us\\\/\",\"name\":\"\u79c1\u305f\u3061\u306f\u4f55\u3092\u3057\u307e\u3059 - BEIT C\u00f4ng ty ph\u00e1t tri\u1ec3n c\u00f4ng ngh\u1ec7 h\u00e0ng \u0111\u1ea7u Vi\u1ec7t Nam\",\"isPartOf\":{\"@id\":\"https:\\\/\\\/beitech.net\\\/ja\\\/#website\"},\"primaryImageOfPage\":{\"@id\":\"https:\\\/\\\/beitech.net\\\/ja\\\/about-us\\\/#primaryimage\"},\"image\":{\"@id\":\"https:\\\/\\\/beitech.net\\\/ja\\\/about-us\\\/#primaryimage\"},\"thumbnailUrl\":\"https:\\\/\\\/beitech.net\\\/wp-content\\\/uploads\\\/2021\\\/06\\\/logo_beit.jpg\",\"datePublished\":\"2022-08-09T07:14:47+00:00\",\"dateModified\":\"2023-11-27T01:31:08+00:00\",\"description\":\"\u79c1\u305f\u3061\u306f\u4f55\u3092\u3057\u307e\u3059 E-commerce Development\",\"inLanguage\":\"ja\",\"potentialAction\":[{\"@type\":\"ReadAction\",\"target\":[\"https:\\\/\\\/beitech.net\\\/ja\\\/about-us\\\/\"]}]},{\"@type\":\"ImageObject\",\"inLanguage\":\"ja\",\"@id\":\"https:\\\/\\\/beitech.net\\\/ja\\\/about-us\\\/#primaryimage\",\"url\":\"https:\\\/\\\/beitech.net\\\/wp-content\\\/uploads\\\/2021\\\/06\\\/logo_beit.jpg\",\"contentUrl\":\"https:\\\/\\\/beitech.net\\\/wp-content\\\/uploads\\\/2021\\\/06\\\/logo_beit.jpg\",\"width\":1200,\"height\":800},{\"@type\":\"WebSite\",\"@id\":\"https:\\\/\\\/beitech.net\\\/ja\\\/#website\",\"url\":\"https:\\\/\\\/beitech.net\\\/ja\\\/\",\"name\":\"BEIT C\u00f4ng ty ph\u00e1t tri\u1ec3n c\u00f4ng ngh\u1ec7 h\u00e0ng \u0111\u1ea7u Vi\u1ec7t Nam\",\"description\":\"BEIT C\u00f4ng ty ph\u00e1t tri\u1ec3n c\u00f4ng ngh\u1ec7 h\u00e0ng \u0111\u1ea7u Vi\u1ec7t Nam\",\"publisher\":{\"@id\":\"https:\\\/\\\/beitech.net\\\/ja\\\/#organization\"},\"potentialAction\":[{\"@type\":\"SearchAction\",\"target\":{\"@type\":\"EntryPoint\",\"urlTemplate\":\"https:\\\/\\\/beitech.net\\\/ja\\\/?s={search_term_string}\"},\"query-input\":{\"@type\":\"PropertyValueSpecification\",\"valueRequired\":true,\"valueName\":\"search_term_string\"}}],\"inLanguage\":\"ja\"},{\"@type\":\"Organization\",\"@id\":\"https:\\\/\\\/beitech.net\\\/ja\\\/#organization\",\"name\":\"C\u00f4ng ty TNHH C\u00f4ng Ngh\u1ec7 BEIT\",\"url\":\"https:\\\/\\\/beitech.net\\\/ja\\\/\",\"logo\":{\"@type\":\"ImageObject\",\"inLanguage\":\"ja\",\"@id\":\"https:\\\/\\\/beitech.net\\\/ja\\\/#\\\/schema\\\/logo\\\/image\\\/\",\"url\":\"https:\\\/\\\/beitech.net\\\/wp-content\\\/uploads\\\/2022\\\/05\\\/logo_beit.png\",\"contentUrl\":\"https:\\\/\\\/beitech.net\\\/wp-content\\\/uploads\\\/2022\\\/05\\\/logo_beit.png\",\"width\":1200,\"height\":630,\"caption\":\"C\u00f4ng ty TNHH C\u00f4ng Ngh\u1ec7 BEIT\"},\"image\":{\"@id\":\"https:\\\/\\\/beitech.net\\\/ja\\\/#\\\/schema\\\/logo\\\/image\\\/\"}},{\"@type\":\"Person\",\"@id\":\"https:\\\/\\\/beitech.net\\\/ja\\\/#\\\/schema\\\/person\\\/0c125860a1908c9fb0d0dddb85b00e4b\",\"name\":\"admin\",\"image\":{\"@type\":\"ImageObject\",\"inLanguage\":\"ja\",\"@id\":\"https:\\\/\\\/secure.gravatar.com\\\/avatar\\\/54203c501c51e0fb5d7aa909c37bfebb2387356eecc8a9787e24d45c1c6d3ec2?s=96&d=mm&r=g\",\"url\":\"https:\\\/\\\/secure.gravatar.com\\\/avatar\\\/54203c501c51e0fb5d7aa909c37bfebb2387356eecc8a9787e24d45c1c6d3ec2?s=96&d=mm&r=g\",\"contentUrl\":\"https:\\\/\\\/secure.gravatar.com\\\/avatar\\\/54203c501c51e0fb5d7aa909c37bfebb2387356eecc8a9787e24d45c1c6d3ec2?s=96&d=mm&r=g\",\"caption\":\"admin\"},\"sameAs\":[\"http:\\\/\\\/beitech.net\"],\"url\":\"https:\\\/\\\/beitech.net\\\/ja\\\/author\\\/admin\\\/\"}]}<\/script>\n<!-- \/ Yoast SEO plugin. -->","yoast_head_json":{"title":"\u79c1\u305f\u3061\u306f\u4f55\u3092\u3057\u307e\u3059 - BEIT C\u00f4ng ty ph\u00e1t tri\u1ec3n c\u00f4ng ngh\u1ec7 h\u00e0ng \u0111\u1ea7u Vi\u1ec7t Nam","description":"\u79c1\u305f\u3061\u306f\u4f55\u3092\u3057\u307e\u3059 E-commerce Development","robots":{"index":"index","follow":"follow","max-snippet":"max-snippet:-1","max-image-preview":"max-image-preview:large","max-video-preview":"max-video-preview:-1"},"canonical":"https:\/\/beitech.net\/ja\/about-us\/","og_locale":"ja_JP","og_type":"article","og_title":"\u79c1\u305f\u3061\u306f\u4f55\u3092\u3057\u307e\u3059 - BEIT C\u00f4ng ty ph\u00e1t tri\u1ec3n c\u00f4ng ngh\u1ec7 h\u00e0ng \u0111\u1ea7u Vi\u1ec7t Nam","og_description":"\u79c1\u305f\u3061\u306f\u4f55\u3092\u3057\u307e\u3059 E-commerce Development","og_url":"https:\/\/beitech.net\/ja\/about-us\/","og_site_name":"BEIT C\u00f4ng ty ph\u00e1t tri\u1ec3n c\u00f4ng ngh\u1ec7 h\u00e0ng \u0111\u1ea7u Vi\u1ec7t Nam","article_modified_time":"2023-11-27T01:31:08+00:00","og_image":[{"width":1200,"height":800,"url":"https:\/\/beitech.net\/wp-content\/uploads\/2021\/06\/logo_beit.jpg","type":"image\/jpeg"}],"twitter_card":"summary_large_image","twitter_misc":{"\u63a8\u5b9a\u8aad\u307f\u53d6\u308a\u6642\u9593":"2\u5206"},"schema":{"@context":"https:\/\/schema.org","@graph":[{"@type":["Article","NewsArticle"],"@id":"https:\/\/beitech.net\/ja\/about-us\/#article","isPartOf":{"@id":"https:\/\/beitech.net\/ja\/about-us\/"},"author":{"name":"admin","@id":"https:\/\/beitech.net\/ja\/#\/schema\/person\/0c125860a1908c9fb0d0dddb85b00e4b"},"headline":"\u79c1\u305f\u3061\u306f\u4f55\u3092\u3057\u307e\u3059","datePublished":"2022-08-09T07:14:47+00:00","dateModified":"2023-11-27T01:31:08+00:00","mainEntityOfPage":{"@id":"https:\/\/beitech.net\/ja\/about-us\/"},"wordCount":31,"publisher":{"@id":"https:\/\/beitech.net\/ja\/#organization"},"image":{"@id":"https:\/\/beitech.net\/ja\/about-us\/#primaryimage"},"thumbnailUrl":"https:\/\/beitech.net\/wp-content\/uploads\/2021\/06\/logo_beit.jpg","inLanguage":"ja","copyrightYear":"2022","copyrightHolder":{"@id":"https:\/\/beitech.net\/#organization"}},{"@type":"WebPage","@id":"https:\/\/beitech.net\/ja\/about-us\/","url":"https:\/\/beitech.net\/ja\/about-us\/","name":"\u79c1\u305f\u3061\u306f\u4f55\u3092\u3057\u307e\u3059 - BEIT C\u00f4ng ty ph\u00e1t tri\u1ec3n c\u00f4ng ngh\u1ec7 h\u00e0ng \u0111\u1ea7u Vi\u1ec7t Nam","isPartOf":{"@id":"https:\/\/beitech.net\/ja\/#website"},"primaryImageOfPage":{"@id":"https:\/\/beitech.net\/ja\/about-us\/#primaryimage"},"image":{"@id":"https:\/\/beitech.net\/ja\/about-us\/#primaryimage"},"thumbnailUrl":"https:\/\/beitech.net\/wp-content\/uploads\/2021\/06\/logo_beit.jpg","datePublished":"2022-08-09T07:14:47+00:00","dateModified":"2023-11-27T01:31:08+00:00","description":"\u79c1\u305f\u3061\u306f\u4f55\u3092\u3057\u307e\u3059 E-commerce Development","inLanguage":"ja","potentialAction":[{"@type":"ReadAction","target":["https:\/\/beitech.net\/ja\/about-us\/"]}]},{"@type":"ImageObject","inLanguage":"ja","@id":"https:\/\/beitech.net\/ja\/about-us\/#primaryimage","url":"https:\/\/beitech.net\/wp-content\/uploads\/2021\/06\/logo_beit.jpg","contentUrl":"https:\/\/beitech.net\/wp-content\/uploads\/2021\/06\/logo_beit.jpg","width":1200,"height":800},{"@type":"WebSite","@id":"https:\/\/beitech.net\/ja\/#website","url":"https:\/\/beitech.net\/ja\/","name":"BEIT C\u00f4ng ty ph\u00e1t tri\u1ec3n c\u00f4ng ngh\u1ec7 h\u00e0ng \u0111\u1ea7u Vi\u1ec7t Nam","description":"BEIT C\u00f4ng ty ph\u00e1t tri\u1ec3n c\u00f4ng ngh\u1ec7 h\u00e0ng \u0111\u1ea7u Vi\u1ec7t Nam","publisher":{"@id":"https:\/\/beitech.net\/ja\/#organization"},"potentialAction":[{"@type":"SearchAction","target":{"@type":"EntryPoint","urlTemplate":"https:\/\/beitech.net\/ja\/?s={search_term_string}"},"query-input":{"@type":"PropertyValueSpecification","valueRequired":true,"valueName":"search_term_string"}}],"inLanguage":"ja"},{"@type":"Organization","@id":"https:\/\/beitech.net\/ja\/#organization","name":"C\u00f4ng ty TNHH C\u00f4ng Ngh\u1ec7 BEIT","url":"https:\/\/beitech.net\/ja\/","logo":{"@type":"ImageObject","inLanguage":"ja","@id":"https:\/\/beitech.net\/ja\/#\/schema\/logo\/image\/","url":"https:\/\/beitech.net\/wp-content\/uploads\/2022\/05\/logo_beit.png","contentUrl":"https:\/\/beitech.net\/wp-content\/uploads\/2022\/05\/logo_beit.png","width":1200,"height":630,"caption":"C\u00f4ng ty TNHH C\u00f4ng Ngh\u1ec7 BEIT"},"image":{"@id":"https:\/\/beitech.net\/ja\/#\/schema\/logo\/image\/"}},{"@type":"Person","@id":"https:\/\/beitech.net\/ja\/#\/schema\/person\/0c125860a1908c9fb0d0dddb85b00e4b","name":"admin","image":{"@type":"ImageObject","inLanguage":"ja","@id":"https:\/\/secure.gravatar.com\/avatar\/54203c501c51e0fb5d7aa909c37bfebb2387356eecc8a9787e24d45c1c6d3ec2?s=96&d=mm&r=g","url":"https:\/\/secure.gravatar.com\/avatar\/54203c501c51e0fb5d7aa909c37bfebb2387356eecc8a9787e24d45c1c6d3ec2?s=96&d=mm&r=g","contentUrl":"https:\/\/secure.gravatar.com\/avatar\/54203c501c51e0fb5d7aa909c37bfebb2387356eecc8a9787e24d45c1c6d3ec2?s=96&d=mm&r=g","caption":"admin"},"sameAs":["http:\/\/beitech.net"],"url":"https:\/\/beitech.net\/ja\/author\/admin\/"}]}},"_links":{"self":[{"href":"https:\/\/beitech.net\/ja\/wp-json\/wp\/v2\/pages\/2272","targetHints":{"allow":["GET"]}}],"collection":[{"href":"https:\/\/beitech.net\/ja\/wp-json\/wp\/v2\/pages"}],"about":[{"href":"https:\/\/beitech.net\/ja\/wp-json\/wp\/v2\/types\/page"}],"author":[{"embeddable":true,"href":"https:\/\/beitech.net\/ja\/wp-json\/wp\/v2\/users\/1"}],"replies":[{"embeddable":true,"href":"https:\/\/beitech.net\/ja\/wp-json\/wp\/v2\/comments?post=2272"}],"version-history":[{"count":10,"href":"https:\/\/beitech.net\/ja\/wp-json\/wp\/v2\/pages\/2272\/revisions"}],"predecessor-version":[{"id":3621,"href":"https:\/\/beitech.net\/ja\/wp-json\/wp\/v2\/pages\/2272\/revisions\/3621"}],"wp:featuredmedia":[{"embeddable":true,"href":"https:\/\/beitech.net\/ja\/wp-json\/wp\/v2\/media\/1786"}],"wp:attachment":[{"href":"https:\/\/beitech.net\/ja\/wp-json\/wp\/v2\/media?parent=2272"}],"curies":[{"name":"wp","href":"https:\/\/api.w.org\/{rel}","templated":true}]}}